{"id":150,"date":"2017-05-10T23:34:41","date_gmt":"2017-05-10T21:34:41","guid":{"rendered":"http:\/\/www.utelindenbeck.de\/horatier\/"},"modified":"2017-05-10T23:39:18","modified_gmt":"2017-05-10T21:39:18","slug":"horatier","status":"publish","type":"page","link":"https:\/\/utelindenbeck.de\/?page_id=150","title":{"rendered":"DER HORATIER von Heiner M\u00fcller"},"content":{"rendered":"ngg_shortcode_0_placeholder\n<p>Die Titelfigur in Heiner M\u00fcllers St\u00fcck vereint einen unaufl\u00f6slichen Widerspruch in sich. Im Zweikampf erringt der Horatier einen Sieg f\u00fcr seine Stadt, wird aber gleichzeitig zum M\u00f6rder an seiner eigenen Schwester, weil diese den Feind \u2013 ihren Verlobten \u2013 betrauert, statt den Sieger \u2013 ihren Bruder \u2013 zu bejubeln. Wie nun umgehen mit dem Helden\/M\u00f6rder? Soll der Sieger geehrt oder der M\u00f6rder hingerichtet werden? Wie lassen sich Verdienst und Schuld nebeneinander stellen, ohne dass sie sich gegenseitig aufheben?<\/p>\n<p>M\u00fcllers Parabel r\u00fcttelt an unserem hehren Selbstbild: Schaffen wir das, politische Ereignisse und ihre Protagonisten vielschichtig zu beurteilen, abw\u00e4gend, emotional, aber ohne Angst? Bewerten wir mit der Zukunft im Blick, oder machen wir es uns lieber bequem inmitten von Polarisierung und vorschnellen Urteilen. Wir erweitern M\u00fcllers Text um pers\u00f6nliche Geschichten und Erfahrungen. Wer sind unser Helden, wer unser Schurken und warum? K\u00f6nnen wir die Widerspr\u00fcche unserer Geschichte(n) aushalten und gemeinsame Zukunftsperspektiven entwickeln?<\/p>\n<p><em>N\u00e4mlich die Worte m\u00fcssen rein bleiben. Denn<\/em><br \/>\n<em>Ein Schwert kann zerbrochen werden und ein Mann<\/em><br \/>\n<em>Kann auch zerbrochen werden, aber die Worte<\/em><br \/>\n<em>Fallen in das Getriebe der Welt uneinholbar<\/em><br \/>\n<em>Kenntlich machend die Dinge oder unkenntlich.<\/em><br \/>\n<em>T\u00f6dlich dem Menschen ist das Unkenntliche.<\/em><\/p>\n<p>Konzept: <a href=\"http:\/\/anerkennungen.net\/\" target=\"_blank\" rel=\"noopener noreferrer\">Agentur f\u00fcr Anerkennung<\/a><br \/>\nRegie: Reto Kamberger<br \/>\nAusstattung, Dramaturgie: Ute Lindenbeck<br \/>\nChor: Anna Dieterich<br \/>\nSpiel: Darinka Ezeta, Homa Faghiri, Ayham Hisnawi, Katharina Merschel, Fabian Neupert<\/p>\n","protected":false},"excerpt":{"rendered":"<p>Die Titelfigur in Heiner M\u00fcllers St\u00fcck vereint einen unaufl\u00f6slichen Widerspruch in sich. Im Zweikampf erringt der Horatier einen Sieg f\u00fcr seine Stadt, wird aber gleichzeitig zum M\u00f6rder an seiner eigenen Schwester, weil diese den Feind \u2013 ihren Verlobten \u2013 betrauert, statt den Sieger \u2013 ihren Bruder \u2013 zu bejubeln. Wie nun umgehen mit dem Helden\/M\u00f6rder?&hellip;&nbsp;<a href=\"https:\/\/utelindenbeck.de\/?page_id=150\" rel=\"bookmark\">Weiterlesen &raquo;<span class=\"screen-reader-text\">DER HORATIER von Heiner M\u00fcller<\/span><\/a><\/p>\n","protected":false},"author":1,"featured_media":0,"parent":0,"menu_order":0,"comment_status":"closed","ping_status":"closed","template":"","meta":{"neve_meta_sidebar":"","neve_meta_container":"","neve_meta_enable_content_width":"","neve_meta_content_width":0,"neve_meta_title_alignment":"","neve_meta_author_avatar":"","neve_post_elements_order":"","neve_meta_disable_header":"","neve_meta_disable_footer":"","neve_meta_disable_title":"","ngg_post_thumbnail":0,"footnotes":""},"class_list":["post-150","page","type-page","status-publish","hentry"],"_links":{"self":[{"href":"https:\/\/utelindenbeck.de\/index.php?rest_route=\/wp\/v2\/pages\/150"}],"collection":[{"href":"https:\/\/utelindenbeck.de\/index.php?rest_route=\/wp\/v2\/pages"}],"about":[{"href":"https:\/\/utelindenbeck.de\/index.php?rest_route=\/wp\/v2\/types\/page"}],"author":[{"embeddable":true,"href":"https:\/\/utelindenbeck.de\/index.php?rest_route=\/wp\/v2\/users\/1"}],"replies":[{"embeddable":true,"href":"https:\/\/utelindenbeck.de\/index.php?rest_route=%2Fwp%2Fv2%2Fcomments&post=150"}],"version-history":[{"count":1,"href":"https:\/\/utelindenbeck.de\/index.php?rest_route=\/wp\/v2\/pages\/150\/revisions"}],"predecessor-version":[{"id":152,"href":"https:\/\/utelindenbeck.de\/index.php?rest_route=\/wp\/v2\/pages\/150\/revisions\/152"}],"wp:attachment":[{"href":"https:\/\/utelindenbeck.de\/index.php?rest_route=%2Fwp%2Fv2%2Fmedia&parent=150"}],"curies":[{"name":"wp","href":"https:\/\/api.w.org\/{rel}","templated":true}]}}